{"id":404,"date":"2017-08-01T06:09:41","date_gmt":"2017-08-01T06:09:41","guid":{"rendered":"http:\/\/lyraslegacy.de\/?page_id=404"},"modified":"2018-01-29T06:51:36","modified_gmt":"2018-01-29T06:51:36","slug":"reviews","status":"publish","type":"page","link":"https:\/\/lyraslegacy.de\/?page_id=404","title":{"rendered":"REVIEWS"},"content":{"rendered":"<h3>7,5 von 10 Punkten im Rock Hard Nr. 369<\/h3>\n<p><img loading=\"lazy\" decoding=\"async\" class=\"size-medium wp-image-630 alignnone\" src=\"https:\/\/lyraslegacy.de\/wp-content\/uploads\/2017\/07\/19575369_2129458500674733_923777560541209790_o-388x400.jpg\" alt=\"\" width=\"388\" height=\"400\" srcset=\"https:\/\/lyraslegacy.de\/wp-content\/uploads\/2017\/07\/19575369_2129458500674733_923777560541209790_o-388x400.jpg 388w, https:\/\/lyraslegacy.de\/wp-content\/uploads\/2017\/07\/19575369_2129458500674733_923777560541209790_o-768x792.jpg 768w, https:\/\/lyraslegacy.de\/wp-content\/uploads\/2017\/07\/19575369_2129458500674733_923777560541209790_o.jpg 1632w\" sizes=\"auto, (max-width: 388px) 100vw, 388px\" \/><\/p>\n<p>&#8222;&#8230;.anspruchsvoller, vielseitiger Power Metal &#8230; kaum zu glauben, dass wir es hier mit einem Debut zu tun haben&#8230;.EIN ZIEMLICH PROGGIGES HEAVY-METAL KLANGGEWITTER!&#8230;&#8220;&nbsp;<br \/>\nDanke an&nbsp;<a href=\"https:\/\/www.facebook.com\/alexschreibt\" data-hovercard=\"\/ajax\/hovercard\/user.php?id=100004528933751&amp;extragetparams=%7B%22directed_target_id%22%3Anull%2C%22groups_location%22%3Anull%7D\" data-hovercard-prefer-more-content-show=\"1\">Alexandra Michels<\/a>!&nbsp;<\/p>\n<h3>4 von 5 Punkten bei&nbsp;<a class=\"profileLink\" href=\"https:\/\/www.stormbringer.at\/reviews\/14326\/lyras-legacy-prisoner.html\" data-hovercard=\"\/ajax\/hovercard\/page.php?id=32784795026&amp;extragetparams=%7B%22fref%22%3A%22mentions%22%7D\" data-hovercard-prefer-more-content-show=\"1\">Stormbringer.at<\/a><\/h3>\n<p>&#8222;Versierte Gitarrenarbeit, schnelle und Ehrfurcht einfl\u00f6\u00dfende Double Bass Parts, anspruchsvolle Melodien, \u00fcber die S\u00e4nger Christian Casaccia seine brillante Stimme legt.&#8220;<br \/>\nDanke an&nbsp;<a class=\"profileLink\" href=\"https:\/\/www.facebook.com\/manfred.thanner?fref=mentions\" data-hovercard=\"\/ajax\/hovercard\/user.php?id=1449867775&amp;extragetparams=%7B%22fref%22%3A%22mentions%22%7D\" data-hovercard-prefer-more-content-show=\"1\">Manfred Thanner<\/a>!<\/p>\n<h3>5,5 von 7 Punkten auf&nbsp;<a href=\"http:\/\/www.earshot.at\/\">www.earshot.at<\/a><\/h3>\n<p>Irgendwo zwischen Bands wie MASTERPLAN, KAMELOT, EVERGREY oder auch BRAINSTORM oder MYSTIC PROPHECY zeigen die Deutschen einen Mix aus kraftvollen Vocals, verspielten Keyboards und knackigen bis eing\u00e4ngigen Riffs&#8230;.Und vor allem die kr\u00e4ftige Stimme von Christian Casaccia ist immer wieder eine Freude.<\/p>\n<h3>11 von 15 Punkten auf <a href=\"http:\/\/www.musikreviews.de\/reviews\/2018\/Lyras-Legacy\/Prisoner\/\">www.musikreviews.de<\/a><\/h3>\n<p>&#8222;Sakrale Chorpassagen und bedrohlicher Bombast leiten \u201e<em>Prisoner<\/em>\u201c ein, um kurze Zeit sp\u00e4ter zu druckvollem Metal \u00fcberzugehen und konsequente auf der Power-Schiene zu fahren, die neben den fetten Keyboards, geh\u00f6rig brazenden Gitarrenriffs und ein vorw\u00e4rtstreibendes Drumming auch jede Menge ruhige, fast balladeske und akustische Momente, in denen besonders das klassisch anmutende Piano-Spiel \u00fcberzeugt, sowie sehr melodi\u00f6sen Gesang enth\u00e4lt.&#8220;<\/p>\n<h3>4 von 5 Punkten auf <a href=\"https:\/\/www.stormbringer.at\/reviews\/14326\/lyras-legacy-prisoner.html\">www.stormbringer.at<\/a><\/h3>\n<p>&#8222;Fans von BRAINSTORM, CIRCUS MAXIMUS, DREAM THEATER, STRATOVARIUS oder FIREWIND aufgepasst, hier gibt es Nachschlag, und zwar von der deutschen Band LYRA\u2019S LEGACY, die erw\u00e4hnten Szenevertretern in nichts nachsteht. &#8230;Versierte Gitarrenarbeit, schnelle und Ehrfurcht einfl\u00f6\u00dfende Double Bass Parts, anspruchsvolle Melodien, \u00fcber die S\u00e4nger Christian Casaccia seine brillante Stimme legt. Dass dieses Vorhaben mehr als gegl\u00fcckt ist, zeigen Songs wie \u201eHero Of The Night\u201c, der speedige Nackenbrecher \u201eMirror Of My Life\u201c, \u201eUtobia\u201c oder \u201eThe Unknown Gate\u201c recht eindrucksvoll.&#8220;<\/p>\n<h3>7 von 10 Punkten auf <a href=\"https:\/\/www.metal-only.de\/info-center\/reviews\/show\/131432-lyras-legacy-prisoner.html\">www.metal-only.de<\/a><\/h3>\n<p>&#8222;Dieses enth\u00e4lt absolut professionell gespielten Power Metal im Stile von Narnia, Stratovarious und Co. Technisch ist alles super umgesetzt. Der S\u00e4nger kann wirklich singen und die Riffs sind melodisch und teils leicht vertrackt aufgebaut.&#8220;<\/p>\n<h3>13 von 15 Punkten von<a href=\"http:\/\/www.myrevelations.de\/index.php?section=reviews&amp;module=cdreviews&amp;submodule=review_detail&amp;reviewid=16810\"> www.myrevelations.de<\/a><\/h3>\n<p>&#8222;Prisoner ist f\u00fcr mich jetzt schon eines der Highlights des Jahres 2018 und diese Messlatte m\u00fcssen andere Acts erst mal erreichen.<br \/>\nAbsolute Empfehlung f\u00fcr Melodic \/ Power Metal Fans!&#8220;<\/p>\n<h3>8 von 10 Punkten auf <a href=\"http:\/\/powermetal.de\/review\/review-Lyras_Legacy\/Prisoner,32178,32094.html\">www.powermetal.de<\/a><\/h3>\n<p>&#8222;Man h\u00f6re sich nur mal den Beginn des fantastischen Titeltracks an: abwechslungsreiche, knallharte Gitarren, dynamisches Rhythmusspiel, viele Br\u00fcche, Tempowechsel und eingewobene Melodief\u00e4den, das ist es, was guten Melodic Metal ausmacht!&#8220;<\/p>\n<h3>7 von 10 Punkten auf <a href=\"http:\/\/www.bleeding4metal.de\/?show=review_de&amp;id=9278\">www.bleeding4metal.de<\/a><\/h3>\n<p>&#8222;Fans von straightem Power Metal \u00e0 la BRAINSTORM&#8230;&nbsp;sind bei LYRA&#8217;S LEGACY gut aufgehoben.&#8220;<\/p>\n<h3 class=\"post-title entry-title\">Album Review: Lyra&#8217;s Legacy &#8211; &#8222;Prisoner&#8220; (2018) by <a href=\"http:\/\/www.wp.rocktimes.de\">www.wp.rocktimes.de<\/a><\/h3>\n<p>&#8222;Die Bochumer Power-Metaller&nbsp;<em>Lyra\u2019s Legacy<\/em>&nbsp;gelten wegen ihrer unerm\u00fcdlichen Klub- und Festival-Auftritte als erfahrene Live-Band, ihr Deb\u00fctalbum &#8222;Prisoner&#8220; erscheint aber erst im Januar 2018.<br \/>\nWenn man nur die Songtexte betrachtet, hat die Scheibe eine ziemlich tr\u00fcbe Stimmung. Die dem Stil entsprechend perfekten Melodien verwandeln sie aber in richtige Cham\u00e4leonmusik. Bei schlechter Laune h\u00f6ren sich die Songs dunkel genug an, man f\u00fchlt in jeder Tiefe, wie verkehrt diese Welt ist und man l\u00e4sst sich mit der Musik zusammen in dieser schmerzhaft-wohltuenden D\u00fcsternis umgarnen. Ist man fr\u00f6hlich, dann konzentriert man sich mehr darauf, wie kr\u00e4ftig der Gesang, wie energievoll die ganzen Riffs und Keyboard-Parts sind. Und im normalen Seelenzustand genie\u00dft man einfach die Platte wegen dem, was sie eigentlich ist: anspruchsvoller, fehlerloser melodischer Power Metal.<\/p>\n<p>Also, wie soll sich der Leser das vorstellen? Man nimmt die Scheibe und legt sie auf. Schenkt sich ein Gl\u00e4schen Wein ein und h\u00f6rt sich das Album erstmal in Ruhe an, redet dabei noch mit den Freunden oder bastelt was zum Abendessen, stellt dann fest, dass die Musik sehr angenehm ist. Dann besch\u00e4ftigt man sich weiter mit seinen aktuellen ToDo\u2019s und merkt gar nicht, dass die elf Tracks wieder und wieder gespielt werden, es wird nicht im Geringsten langweilig, es f\u00e4llt einem gar nicht ein, den Player auszuschalten oder was anderes einzulegen. Nichtsdestoweniger summt man auf einmal den &#8222;Reign Of Greed&#8220;. Der Song kriecht in die Geh\u00f6rg\u00e4nge, als h\u00e4tte er eine geheime T\u00fcr zum Unbewussten gefunden und m\u00f6chte sich daher auf keinen Fall entfernen. Und das will man selbst auch nicht. Bei dem Gitarrensolo bewegt sich die Hand unwillk\u00fcrlich zum Luftklampfen, dann, beim Intro von &#8222;Utopia&#8220;, kommen auch die Nackenmuskeln ins Spiel. Dem Quintett gelingt es, die f\u00fcr den Stil charakteristischen und von daher irgendwie bekannten Melodien, Spieltechniken und Riffs so zusammenzuf\u00fcgen, dass ein mitrei\u00dfend-neuer Sound entsteht.<br \/>\nDie Struktur des Albums ist au\u00dferordentlich gut aufgebaut, in keinem Moment bekommt man das Gef\u00fchl, dass einer der Songs irgendwo fehl am Platze ist. Der anschlie\u00dfende Dreier &#8222;Hero Of The Night&#8220;, &#8222;Prisoner&#8220; und &#8222;Since You Left Me&#8220; bildet gemeinsam ein raffiniertes Tempogewoge. Die Gitarrenriffs bringen zwar keine gro\u00dfe Innovation, spiegeln daf\u00fcr makellos sowohl die finster-ernsthaften, als auch die hoffnungsvoll flitzenden Kl\u00e4nge wider und das ist schon alleine mehr als gut genug. Jeder Ton sitzt punktgenau, es gibt keine \u00fcberfl\u00fcssigen Schn\u00f6rkeleien.<\/p>\n<p>Das Keyboard gibt der Musik eine hervorragende Basis, nicht einmal in dem lyrischen &#8222;Dust In The Wind&#8220; klingt es \u00fcbertrieben. Dann h\u00f6rt man &#8222;Mirror Of My Life&#8220; \u2013 ein absoluter Stadionkracher, l\u00e4dt zum Mitgr\u00f6len ein, und auch die n\u00e4chsten beiden St\u00fccke, &#8222;Unknown Gate&#8220; und &#8222;Misguided&#8220; sind vom gleichen Kaliber. &#8222;Breath Of A Winter Night&#8220; ist ein perfekter Abschluss-Track. Der Zuh\u00f6rer bekommt jetzt Lust rauszulaufen, in die beschneite Nachtlandschaft, am liebsten bei Vollmond. Keine Rede vom Kitsch, sondern die traurige-leise Sch\u00f6nheit einer Winternacht, die einen gelegentlich so packt.<\/p>\n<p>Fazit: Hier wird ein besonderes Album geboten, in welchem die Dark-, Power- und Heavy-Elemente perfekt miteinander verbunden sind, best\u00fcckt mit meisterhaft komponierten Songs. Ein episches Metalwerk, v\u00f6llig richtig terminiert mit der Ver\u00f6ffentlichung im Januar. Mir jedenfalls passt die Scheibe hervorragend zur Winterzeit. Also, her mit dem (Gl\u00fch)wein und Prost, auf die gute Musik, auch im neuen Jahr.&#8220;<\/p>\n<p>Von&nbsp;<span class=\"fn nickname\"><a class=\"url\" href=\"http:\/\/www.wp.rocktimes.de\/author\/hajnalkatamasrocktimes\/\">Hajnalka Tam\u00e1s<\/a><\/span><\/p>\n<p>Hier geht es zum Review:<\/p>\n<p>http:\/\/www.wp.rocktimes.de\/lyras-legacy-prisoner-cd-review\/<\/p>\n<h3>&nbsp;<\/h3>\n<h3>&nbsp;<\/h3>\n<h3 class=\"post-title entry-title\">CD Review: Lyra&#8217;s Legacy &#8211; Lyra&#8217;s Legacy EP (2014)<\/h3>\n<div class=\"post-header\">&nbsp;<\/div>\n<div id=\"post-body-7703843642531277552\" class=\"post-body entry-content\">\n<p>A great first EP combining sharp guitars with a lot of fine melodies, a excellent rhythm section and many vocal variations. It&#8217;s the tension between the heavyness of the guitars and rhythm patterns on the one hand and the harmony of the voice on the other that makes this band so special.<\/p>\n<p><b>Short Introduction<\/b><\/p>\n<p>Lyra\u2019s Legacy was founded in 2008 and consists of five musicians from North Rhine-Westphalia in western Germany. Every band member brought in their individual musical experience from previous bands like Heavenfall and Frozen Fire.<\/p>\n<p>Since 2011 Lyra\u2019s Legacy is playing gigs and festivals e.g. \u201cMetal for Mercy On Stage\u201d, \u201cRealms of Metal\u201d or \u201cBrotherhood of Metal\u201d and shares the stage with bands like Freedom Call, House of Lords, The Name, Gloryful and Ivory Tower.<\/p>\n<p>Lyra\u2019s Legacy represents sophisticated and melodious metal and inspires the audience with their melodies, musicality and power. They&#8217;ve put out a three track EP under the title &#8222;Lyra&#8217;s Legacy&#8220;.<\/p>\n<table class=\"tr-caption-container\" cellspacing=\"0\" cellpadding=\"0\" align=\"center\">\n<tbody>\n<tr>\n<td><a href=\"https:\/\/3.bp.blogspot.com\/-tEk0XcjpiQ4\/VuKfXc5ISAI\/AAAAAAAAAts\/QzsNoeoy4YcZ6cU1QKZCDK_j4KQysJQpw\/s1600\/1965435_638571646178663_1434798935_o.jpg\"><img loading=\"lazy\" decoding=\"async\" src=\"https:\/\/3.bp.blogspot.com\/-tEk0XcjpiQ4\/VuKfXc5ISAI\/AAAAAAAAAts\/QzsNoeoy4YcZ6cU1QKZCDK_j4KQysJQpw\/s320\/1965435_638571646178663_1434798935_o.jpg\" width=\"320\" height=\"320\" border=\"0\"><\/a><\/td>\n<\/tr>\n<tr>\n<td class=\"tr-caption\">The cover of the Lyra&#8217;s Legacy EP, (c) by Lyra&#8217;s Legacy, used with kind permission<\/td>\n<\/tr>\n<\/tbody>\n<\/table>\n<p><b>Summary<\/b><\/p>\n<p>A compact and razorsharp three track EP is what we have here. All songs go straight into your ears and will make you headbang to them all the way. On the contrary there&#8217;s lot&#8217;s of room for emotions and slower sections with keyboards giving it a silker touch. The vocalist uses a wide range of variations for his performance which makes the tracks even more enjoyable. There are surely not only some high pitched notes in the vocals but also a lot of midtone as well as some sing-along choruses to be found.<\/p>\n<p><b>Review by <a href=\"http:\/\/metalunderdogs.blogspot.de\/2016\/03\/cd-review-lyras-legacy-lyras-legacy-ep.html\">Heavy Metal Underdogs<\/a><\/b><\/p>\n<\/div>\n<div>&nbsp;<\/div>\n<p align=\"center\"><img decoding=\"async\" src=\"http:\/\/www.stratovarius.com\/pages\/image\/line_600.png\"><\/p>\n<p align=\"center\">&nbsp;<\/p>\n<h3 class=\"post-title entry-title\">Lyra&#8217;s Legacy expand sound to a much wider range<\/h3>\n<div class=\"post-header\">&nbsp;<\/div>\n<div id=\"post-body-4357989672008242376\" class=\"post-body entry-content\">\n<p>Some time ago we had a review of Lyra&#8217;s Legacy first output (the mini album with the same name as the band) up here for&nbsp;<a href=\"http:\/\/metalunderdogs.blogspot.com\/2016\/03\/cd-review-lyras-legacy-lyras-legacy-ep.html\" target=\"_blank\" rel=\"noopener\">reading.<\/a>&nbsp;Since then the band was in the studio and was closed liped about how they would move on soundwise.<\/p>\n<p>Happily the silence has ended now and the band gives some insight into what&#8217;s coming up with the new release in the form of a brand new music video. The moving picture is given the title &#8222;Prisoner&#8220; which will also be the name for the upcoming album which is scheduled for release in 2017.<\/p>\n<table class=\"tr-caption-container\" cellspacing=\"0\" cellpadding=\"0\" align=\"center\">\n<tbody>\n<tr>\n<td><a href=\"https:\/\/1.bp.blogspot.com\/-ZVePKfXS2Ws\/VuGjYTJ-pdI\/AAAAAAAAAtU\/ua4ajriG6ZgWfDk3ktXwWSu5xloDcgtdACPcB\/s1600\/lyras%2Blegacy%2Blogo.jpg\"><img loading=\"lazy\" decoding=\"async\" src=\"https:\/\/1.bp.blogspot.com\/-ZVePKfXS2Ws\/VuGjYTJ-pdI\/AAAAAAAAAtU\/ua4ajriG6ZgWfDk3ktXwWSu5xloDcgtdACPcB\/s320\/lyras%2Blegacy%2Blogo.jpg\" width=\"320\" height=\"76\" border=\"0\"><\/a><\/td>\n<\/tr>\n<tr>\n<td class=\"tr-caption\">The bandlogo of Lyra&#8217;s Legacy, (c) by Lyra&#8217;s Legacy, used with kind permission<\/td>\n<\/tr>\n<\/tbody>\n<\/table>\n<p>The band has surprised me in a very positive way with this song. It represents a massive development the band has gone through in the recent time. The soundscape the band produced is much more powerfull and most of all tighter than on the first offering. This is sourced a lot of the rhythm section. But the overall guitars have strengthen in the pressure and the vocals also show more depth yet it all is wrapped in a warm sound package which prevents it from sounding just hard and cold.<\/p>\n<\/div>\n<div>&nbsp;<\/div>\n<div><b>Review by <a href=\"http:\/\/metalunderdogs.blogspot.de\/2016\/03\/cd-review-lyras-legacy-lyras-legacy-ep.html\">Heavy Metal Underdogs<\/a><\/b><\/div>\n","protected":false},"excerpt":{"rendered":"<p>7,5 von 10 Punkten im Rock Hard Nr. 369 &#8222;&#8230;.anspruchsvoller, vielseitiger Power Metal &#8230; kaum zu glauben, dass wir es hier mit einem Debut zu tun haben&#8230;.EIN ZIEMLICH PROGGIGES HEAVY-METAL KLANGGEWITTER!&#8230;&#8220;&nbsp; Danke an&nbsp;Alexandra Michels!&nbsp; 4 von 5 Punkten bei&nbsp;Stormbringer.at &#8222;Versierte Gitarrenarbeit, schnelle und Ehrfurcht einfl\u00f6\u00dfende Double Bass Parts, anspruchsvolle Melodien, \u00fcber die S\u00e4nger Christian Casaccia <a class=\"more-link\" href=\"https:\/\/lyraslegacy.de\/?page_id=404\">weiterlesen&#8230;<\/a><\/p>\n","protected":false},"author":1,"featured_media":0,"parent":0,"menu_order":0,"comment_status":"closed","ping_status":"closed","template":"","meta":{"footnotes":""},"class_list":["post-404","page","type-page","status-publish","hentry"],"_links":{"self":[{"href":"https:\/\/lyraslegacy.de\/index.php?rest_route=\/wp\/v2\/pages\/404","targetHints":{"allow":["GET"]}}],"collection":[{"href":"https:\/\/lyraslegacy.de\/index.php?rest_route=\/wp\/v2\/pages"}],"about":[{"href":"https:\/\/lyraslegacy.de\/index.php?rest_route=\/wp\/v2\/types\/page"}],"author":[{"embeddable":true,"href":"https:\/\/lyraslegacy.de\/index.php?rest_route=\/wp\/v2\/users\/1"}],"replies":[{"embeddable":true,"href":"https:\/\/lyraslegacy.de\/index.php?rest_route=%2Fwp%2Fv2%2Fcomments&post=404"}],"version-history":[{"count":8,"href":"https:\/\/lyraslegacy.de\/index.php?rest_route=\/wp\/v2\/pages\/404\/revisions"}],"predecessor-version":[{"id":633,"href":"https:\/\/lyraslegacy.de\/index.php?rest_route=\/wp\/v2\/pages\/404\/revisions\/633"}],"wp:attachment":[{"href":"https:\/\/lyraslegacy.de\/index.php?rest_route=%2Fwp%2Fv2%2Fmedia&parent=404"}],"curies":[{"name":"wp","href":"https:\/\/api.w.org\/{rel}","templated":true}]}}