{"id":887,"date":"2025-02-09T13:41:40","date_gmt":"2025-02-09T13:41:40","guid":{"rendered":"https:\/\/lyraslegacy.de\/?page_id=887"},"modified":"2026-02-24T17:37:01","modified_gmt":"2026-02-24T17:37:01","slug":"about","status":"publish","type":"page","link":"https:\/\/lyraslegacy.de\/?page_id=887","title":{"rendered":"ABOUT"},"content":{"rendered":"\n<p>Die Lyra gilt als eins der ersten Saiteninstrumente der Geschichte und ist somit der<\/p>\n\n\n\n<p>Wegbereiter des Metal. Lyra&#8217;s Legacy gehen diesen Weg weiter.<\/p>\n\n\n\n<p>Die von Andreas Denz, 2008 gegr\u00fcndete Bochumer Power-Metal Band Lyra&#8217;s<\/p>\n\n\n\n<p>Legacy verbindet Eing\u00e4ngigkeit und Raffinesse zu Songs, die den Zuh\u00f6rer direkt<\/p>\n\n\n\n<p>ansprechen. Versierte Gitarrenriffs, starke Keyboards und einzigartiger, melodi\u00f6ser<\/p>\n\n\n\n<p>Gesang sind die Markenzeichen der Band und treffen genau den Nerv der Fans von<\/p>\n\n\n\n<p>Stratovarius, Masterplan, Kamelot, Evergrey oder auch Brainstorm. Die markante<\/p>\n\n\n\n<p>Stimme von S\u00e4nger Christian Casaccia ist wohl einer der Gr\u00fcnde daf\u00fcr, dass es sich<\/p>\n\n\n\n<p>bei Lyra\u2019s Legacy um eine Band handelt die aus der Masse an Metalbands<\/p>\n\n\n\n<p>heraussticht.<\/p>\n\n\n\n<p>Bereits die eigenproduzierte 3-Track Promo-CD \u201cLyra\u2019s Legacy\u201c fand gro\u00dfen Anklang<\/p>\n\n\n\n<p>in der Metalgemeinde und erm\u00f6glichte Konzerte mit bekannten Acts wie Majesty und<\/p>\n\n\n\n<p>House of Lords aus den USA. Es folgten etliche Konzerte in Deutschland und den<\/p>\n\n\n\n<p>Benelux Staaten in bekannten Clubs wie dem Biebob in Belgien und der Matrix<\/p>\n\n\n\n<p>Bochum. Kurz darauf folgte das professionelle Musikvideo zu \u201ePrisoner\u201c, welches<\/p>\n\n\n\n<p>gro\u00dfen Anklang in der Metalgemeinde fand. Die Rufe nach einem Album wurden<\/p>\n\n\n\n<p>lauter und die ersten Angebote von Plattenfirmen lagen vor. \u00dcber das Essener Label<\/p>\n\n\n\n<p>Roll The Bones Records wurde im Januar 2018 das Debutalbum \u201ePrisoner\u201c weltweit<\/p>\n\n\n\n<p>ver\u00f6ffentlicht. Gemischt und gemastered im Bazement-Studio (Symphony X,<\/p>\n\n\n\n<p>Vanden Plas, Mob Rules). Das Debutalbum fand gro\u00dfen Anklang bei den Fans und<\/p>\n\n\n\n<p>wurde von der Presse gefeiert. Unter anderem erhielt das Album in bekanntenen<\/p>\n\n\n\n<p>Metalmagazinen wie dem Rockhard und dem Deaf Forever hervorragende<\/p>\n\n\n\n<p>Reviews.<\/p>\n\n\n\n<p>\u201e\u2026.anspruchsvoller, vielseitiger Power Metal \u2026 kaum zu glauben, dass wir es hier<\/p>\n\n\n\n<p>mit einem Debut zu tun haben\u2026.EIN ZIEMLICH PROGGIGES HEAVY-METAL<\/p>\n\n\n\n<p>KLANGGEWITTER!\u2026\u201c (Rockhard: Alexandra Michels!).<\/p>\n\n\n\n<p>Es folgen zahlreiche Konzerte in Clubs und Festivals in Deutschland und den<\/p>\n\n\n\n<p>Benelux-Staaten, unter anderem mit Freedom Call. Durch etliche Shows im Jahr<\/p>\n\n\n\n<p>2018 promoten Lyra\u2019s Legacy Ihr Album und erweitern mit dem jedem Gig Ihre<\/p>\n\n\n\n<p>Fanbase. Erste Songs f\u00fcr ein weiteres Album sind bereits im Songwriting und es gibt<\/p>\n\n\n\n<p>weitere Pl\u00e4ne f\u00fcr ein Musikvideo.<\/p>\n\n\n\n<p>Lyra\u2018s Legacy sind bekannt als eingespielte, professionelle Liveband die das<\/p>\n\n\n\n<p>Publikum mitreisst und eine super Show bietet.<\/p>\n\n\n\n<p>Lyra\u00b4s Legacy \u2013 Kontakt:<\/p>\n\n\n\n<p>\uf0b7 Tobias Breuer<\/p>\n\n\n\n<p>\uf0b7 0176 \u2013 78003781<\/p>\n\n\n\n<p>\uf0b7 Mail: <a href=\"mailto:contact@lyraslegacy.de\">contact@booking-lyraslegacy.de<\/a><\/p>\n\n\n\n<p>Mitglieder der Band:<\/p>\n\n\n\n<p>\uf0b7 Christian Casaccia \u2013 Vocals<\/p>\n\n\n\n<p>\uf0b7 Tobias Breuer \u2013 Bass<\/p>\n\n\n\n<p>\uf0b7 Boris Frenkel \u2013 Drums<\/p>\n\n\n\n<p>\uf0b7 Romuald Tichawski \u2013 Keyboards<\/p>\n\n\n\n<p>\uf0b7 Andreas Denz \u2013 Guitars<\/p>\n\n\n\n<p>www.LyrasLegacy.de<\/p>\n\n\n\n<p>www.facebook.com\/lyraslegacyofficial<\/p>\n\n\n\n<p>www.youtube.com\/user\/lyraslegacy<\/p>\n","protected":false},"excerpt":{"rendered":"<p>Die Lyra gilt als eins der ersten Saiteninstrumente der Geschichte und ist somit der Wegbereiter des Metal. Lyra&#8217;s Legacy gehen diesen Weg weiter. Die von Andreas Denz, 2008 gegr\u00fcndete Bochumer Power-Metal Band Lyra&#8217;s Legacy verbindet Eing\u00e4ngigkeit und Raffinesse zu Songs, die den Zuh\u00f6rer direkt ansprechen. Versierte Gitarrenriffs, starke Keyboards und einzigartiger, melodi\u00f6ser Gesang sind die <a class=\"more-link\" href=\"https:\/\/lyraslegacy.de\/?page_id=887\">weiterlesen&#8230;<\/a><\/p>\n","protected":false},"author":1,"featured_media":0,"parent":0,"menu_order":0,"comment_status":"closed","ping_status":"closed","template":"","meta":{"footnotes":""},"class_list":["post-887","page","type-page","status-publish","hentry"],"_links":{"self":[{"href":"https:\/\/lyraslegacy.de\/index.php?rest_route=\/wp\/v2\/pages\/887","targetHints":{"allow":["GET"]}}],"collection":[{"href":"https:\/\/lyraslegacy.de\/index.php?rest_route=\/wp\/v2\/pages"}],"about":[{"href":"https:\/\/lyraslegacy.de\/index.php?rest_route=\/wp\/v2\/types\/page"}],"author":[{"embeddable":true,"href":"https:\/\/lyraslegacy.de\/index.php?rest_route=\/wp\/v2\/users\/1"}],"replies":[{"embeddable":true,"href":"https:\/\/lyraslegacy.de\/index.php?rest_route=%2Fwp%2Fv2%2Fcomments&post=887"}],"version-history":[{"count":4,"href":"https:\/\/lyraslegacy.de\/index.php?rest_route=\/wp\/v2\/pages\/887\/revisions"}],"predecessor-version":[{"id":908,"href":"https:\/\/lyraslegacy.de\/index.php?rest_route=\/wp\/v2\/pages\/887\/revisions\/908"}],"wp:attachment":[{"href":"https:\/\/lyraslegacy.de\/index.php?rest_route=%2Fwp%2Fv2%2Fmedia&parent=887"}],"curies":[{"name":"wp","href":"https:\/\/api.w.org\/{rel}","templated":true}]}}